
{"id":674,"date":"2016-07-08T09:41:17","date_gmt":"2016-07-08T09:41:17","guid":{"rendered":"http:\/\/cannarelax.com\/it\/inicio\/"},"modified":"2016-07-26T11:00:03","modified_gmt":"2016-07-26T11:00:03","slug":"inicio","status":"publish","type":"page","link":"https:\/\/cannarelax.com\/it\/","title":{"rendered":"Home"},"content":{"rendered":"<div class=\"wpb-content-wrapper\"><p>[vc_row][vc_column][vc_separator border_width=&#8221;3&#8243; css=&#8221;.vc_custom_1468348663909{padding-top: 50px !important;}&#8221;][\/vc_column][\/vc_row][vc_row][vc_column css=&#8221;.vc_custom_1468320874339{padding-top: 40px !important;padding-bottom: 20px !important;}&#8221;][vc_raw_html]JTNDaDMlMjBjbGFzcyUzRCUyMmgxJTIyJTIwc3R5bGUlM0QlMjJ0ZXh0LWFsaWduJTNBJTIwY2VudGVyJTNCJTIyJTNFUFJPUElFREFERVMlMjBESSUyMEZJQlJBJTIwREklMjBDQU5BUEElM0MlMkZoMyUzRQ==[\/vc_raw_html][\/vc_column][\/vc_row][vc_row][vc_column width=&#8221;1\/3&#8243; css=&#8221;.vc_custom_1468324565483{padding-right: 10px !important;padding-left: 10px !important;}&#8221;]\t\t\t\t\t\t\t\t\t<div class=\"wd-feature-slider \">\n\t\t\t\t<div class=\"row\">\n\t\t\t\t\t<div class=\"wd_shortcode_feature wd_feature_1479220603\">\n\t\t\t\t\t\t\t\t<div id=\"post-644\" class=\"shortcode post-644 feature type-feature status-publish hentry\">\n\t\t\t\t\t\t<div class=\"container\">\n\t\t\t\t\t\t\t<div class=\"feature_content_wrapper text-center style-1\">\t\n\t\t\t\t\t\t\t\t\t\t\t\t\t\t\t<div class=\"feature_icon\">\n\t\t\t\t\t\t\t\t\t\t\t\t\t\t\t\t\t\t<a class=\"text_color\" href=\"https:\/\/cannarelax.com\/it\/feature\/stabile-e-duratura\/\">\n\t\t\t\t\t\t\t\t\t\t<span class=\"icono_p1\" ><\/span>\n\t\t\t\t\t\t\t\t\t<\/a>\n\t\t\t\t\t\t\t\t<\/div>\n\t\t\t\t\t\t\t\t\t\t\t\t\t\t\n\t\t\t\t\t\t\t\t\t\t\t\t\t\t\t<h2 class=\"feature_title heading_title bold-upper-big\">\n\t\t\t\t\t\t\t\t\t<strong><a href=\"https:\/\/cannarelax.com\/it\/feature\/stabile-e-duratura\/\" >STABILE E DURATURA<\/a><\/strong>\n\t\t\t\t\t\t\t\t<\/h2>\t\n\t\t\t\t\t\t\t\t<div class=\"line line-30 line-margin\"><\/div>\n\t\t\t\t\t\t\t\t\t\t\t\t\t\t\n\t\t\t\t\t\t\t\t\t\t\t\t\t\t\t\n\t\t\t\t\t\t\t\t<div class=\"feature_excerpt text-strong\" >\n\t\t\t\t\t\t\t\t\tFibra di canapa \u00e8 molto stabile e durevole. Il tessuto \u00e8 realizzato con dura molto pi\u00f9 di cotone. &nbsp;\t\t\t\t\t\t\t\t<\/div>\n\t\t\t\t\t\t\t\t\t\t\t\t\t\t<\/div>\n\t\t\t\t\t\t<\/div>\n\t\t\t\t\t<\/div>\n\t\t\t\t\t\t\t\t\t\n\t\t\t\t\t<\/div>\n\t\t\t\t<\/div>\n\t\t\t<\/div>\n\t\t\t\t\t\t[\/vc_column][vc_column width=&#8221;1\/3&#8243; css=&#8221;.vc_custom_1468580546177{padding-right: 10px !important;padding-left: 10px !important;}&#8221;]\t\t\t\t\t\t\t\t\t<div class=\"wd-feature-slider \">\n\t\t\t\t<div class=\"row\">\n\t\t\t\t\t<div class=\"wd_shortcode_feature wd_feature_1722008391\">\n\t\t\t\t\t\t\t\t<div id=\"post-641\" class=\"shortcode post-641 feature type-feature status-publish hentry\">\n\t\t\t\t\t\t<div class=\"container\">\n\t\t\t\t\t\t\t<div class=\"feature_content_wrapper text-center style-1\">\t\n\t\t\t\t\t\t\t\t\t\t\t\t\t\t\t<div class=\"feature_icon\">\n\t\t\t\t\t\t\t\t\t\t\t\t\t\t\t\t\t\t<a class=\"text_color\" href=\"https:\/\/cannarelax.com\/it\/feature\/termo-regolabile\/\">\n\t\t\t\t\t\t\t\t\t\t<span class=\"icono_p2\" ><\/span>\n\t\t\t\t\t\t\t\t\t<\/a>\n\t\t\t\t\t\t\t\t<\/div>\n\t\t\t\t\t\t\t\t\t\t\t\t\t\t\n\t\t\t\t\t\t\t\t\t\t\t\t\t\t\t<h2 class=\"feature_title heading_title bold-upper-big\">\n\t\t\t\t\t\t\t\t\t<strong><a href=\"https:\/\/cannarelax.com\/it\/feature\/termo-regolabile\/\" >TERMO REGOLABILE<\/a><\/strong>\n\t\t\t\t\t\t\t\t<\/h2>\t\n\t\t\t\t\t\t\t\t<div class=\"line line-30 line-margin\"><\/div>\n\t\t\t\t\t\t\t\t\t\t\t\t\t\t\n\t\t\t\t\t\t\t\t\t\t\t\t\t\t\t\n\t\t\t\t\t\t\t\t<div class=\"feature_excerpt text-strong\" >\n\t\t\t\t\t\t\t\t\tLa qualit\u00e0 termica di canapa provoca dei tessuti con conseguente fresco d&#8217;estate e caldo d&#8217;inverno.\t\t\t\t\t\t\t\t<\/div>\n\t\t\t\t\t\t\t\t\t\t\t\t\t\t<\/div>\n\t\t\t\t\t\t<\/div>\n\t\t\t\t\t<\/div>\n\t\t\t\t\t\t\t\t\t\n\t\t\t\t\t<\/div>\n\t\t\t\t<\/div>\n\t\t\t<\/div>\n\t\t\t\t\t\t[\/vc_column][vc_column width=&#8221;1\/3&#8243; css=&#8221;.vc_custom_1468319284473{padding-right: 10px !important;padding-left: 10px !important;}&#8221;]\t\t\t\t\t\t\t\t\t<div class=\"wd-feature-slider \">\n\t\t\t\t<div class=\"row\">\n\t\t\t\t\t<div class=\"wd_shortcode_feature wd_feature_697641922\">\n\t\t\t\t\t\t\t\t<div id=\"post-639\" class=\"shortcode post-639 feature type-feature status-publish hentry\">\n\t\t\t\t\t\t<div class=\"container\">\n\t\t\t\t\t\t\t<div class=\"feature_content_wrapper text-center style-1\">\t\n\t\t\t\t\t\t\t\t\t\t\t\t\t\t\t<div class=\"feature_icon\">\n\t\t\t\t\t\t\t\t\t\t\t\t\t\t\t\t\t\t<a class=\"text_color\" href=\"https:\/\/cannarelax.com\/it\/feature\/resistente\/\">\n\t\t\t\t\t\t\t\t\t\t<span class=\"icono_p3\" ><\/span>\n\t\t\t\t\t\t\t\t\t<\/a>\n\t\t\t\t\t\t\t\t<\/div>\n\t\t\t\t\t\t\t\t\t\t\t\t\t\t\n\t\t\t\t\t\t\t\t\t\t\t\t\t\t\t<h2 class=\"feature_title heading_title bold-upper-big\">\n\t\t\t\t\t\t\t\t\t<strong><a href=\"https:\/\/cannarelax.com\/it\/feature\/resistente\/\" >RESISTENTE<\/a><\/strong>\n\t\t\t\t\t\t\t\t<\/h2>\t\n\t\t\t\t\t\t\t\t<div class=\"line line-30 line-margin\"><\/div>\n\t\t\t\t\t\t\t\t\t\t\t\t\t\t\n\t\t\t\t\t\t\t\t\t\t\t\t\t\t\t\n\t\t\t\t\t\t\t\t<div class=\"feature_excerpt text-strong\" >\n\t\t\t\t\t\t\t\t\tTra le lunghe fibre di tessuto di canapa alta resistenza e industria dell&#8217;abbigliamento si ottiene.\t\t\t\t\t\t\t\t<\/div>\n\t\t\t\t\t\t\t\t\t\t\t\t\t\t<\/div>\n\t\t\t\t\t\t<\/div>\n\t\t\t\t\t<\/div>\n\t\t\t\t\t\t\t\t\t\n\t\t\t\t\t<\/div>\n\t\t\t\t<\/div>\n\t\t\t<\/div>\n\t\t\t\t\t\t[\/vc_column][\/vc_row][vc_row][vc_column width=&#8221;1\/2&#8243; css=&#8221;.vc_custom_1468347268547{padding-top: 40px !important;padding-right: 20px !important;padding-left: 10px !important;}&#8221;]\t\t\t\t\t\t\t\t\t<div class=\"wd-feature-slider \">\n\t\t\t\t<div class=\"row\">\n\t\t\t\t\t<div class=\"wd_shortcode_feature wd_feature_1197822468\">\n\t\t\t\t\t\t\t\t<div id=\"post-636\" class=\"shortcode post-636 feature type-feature status-publish hentry\">\n\t\t\t\t\t\t<div class=\"container\">\n\t\t\t\t\t\t\t<div class=\"feature_content_wrapper text-center style-1\">\t\n\t\t\t\t\t\t\t\t\t\t\t\t\t\t\t<div class=\"feature_icon\">\n\t\t\t\t\t\t\t\t\t\t\t\t\t\t\t\t\t\t<a class=\"text_color\" href=\"https:\/\/cannarelax.com\/it\/feature\/antibatterico-naturale\/\">\n\t\t\t\t\t\t\t\t\t\t<span class=\"icono_p4\" ><\/span>\n\t\t\t\t\t\t\t\t\t<\/a>\n\t\t\t\t\t\t\t\t<\/div>\n\t\t\t\t\t\t\t\t\t\t\t\t\t\t\n\t\t\t\t\t\t\t\t\t\t\t\t\t\t\t<h2 class=\"feature_title heading_title bold-upper-big\">\n\t\t\t\t\t\t\t\t\t<strong><a href=\"https:\/\/cannarelax.com\/it\/feature\/antibatterico-naturale\/\" >ANTIBATTERICO NATURALE<\/a><\/strong>\n\t\t\t\t\t\t\t\t<\/h2>\t\n\t\t\t\t\t\t\t\t<div class=\"line line-30 line-margin\"><\/div>\n\t\t\t\t\t\t\t\t\t\t\t\t\t\t\n\t\t\t\t\t\t\t\t\t\t\t\t\t\t\t\n\t\t\t\t\t\t\t\t<div class=\"feature_excerpt text-strong\" >\n\t\t\t\t\t\t\t\t\tFibra di canapa ha propriet\u00e0 antibatteriche naturali. Cannabinol \u00e8 una sostanza presente in canapa che impedisce la formazione e la crescita di germi. Questa funzione non \u00e8 perduto con i lavaggi.\t\t\t\t\t\t\t\t<\/div>\n\t\t\t\t\t\t\t\t\t\t\t\t\t\t<\/div>\n\t\t\t\t\t\t<\/div>\n\t\t\t\t\t<\/div>\n\t\t\t\t\t\t\t\t\t\n\t\t\t\t\t<\/div>\n\t\t\t\t<\/div>\n\t\t\t<\/div>\n\t\t\t\t\t\t[\/vc_column][vc_column width=&#8221;1\/2&#8243; css=&#8221;.vc_custom_1468347278596{padding-top: 40px !important;padding-right: 10px !important;padding-left: 20px !important;}&#8221;]\t\t\t\t\t\t\t\t\t<div class=\"wd-feature-slider \">\n\t\t\t\t<div class=\"row\">\n\t\t\t\t\t<div class=\"wd_shortcode_feature wd_feature_914465375\">\n\t\t\t\t\t\t\t\t<div id=\"post-634\" class=\"shortcode post-634 feature type-feature status-publish hentry\">\n\t\t\t\t\t\t<div class=\"container\">\n\t\t\t\t\t\t\t<div class=\"feature_content_wrapper text-center style-1\">\t\n\t\t\t\t\t\t\t\t\t\t\t\t\t\t\t<div class=\"feature_icon\">\n\t\t\t\t\t\t\t\t\t\t\t\t\t\t\t\t\t\t<a class=\"text_color\" href=\"https:\/\/cannarelax.com\/it\/feature\/proteccion-rayos-uv\/\">\n\t\t\t\t\t\t\t\t\t\t<span class=\"icono_p5\" ><\/span>\n\t\t\t\t\t\t\t\t\t<\/a>\n\t\t\t\t\t\t\t\t<\/div>\n\t\t\t\t\t\t\t\t\t\t\t\t\t\t\n\t\t\t\t\t\t\t\t\t\t\t\t\t\t\t<h2 class=\"feature_title heading_title bold-upper-big\">\n\t\t\t\t\t\t\t\t\t<strong><a href=\"https:\/\/cannarelax.com\/it\/feature\/proteccion-rayos-uv\/\" >RAGGI UV PROTEZIONE<\/a><\/strong>\n\t\t\t\t\t\t\t\t<\/h2>\t\n\t\t\t\t\t\t\t\t<div class=\"line line-30 line-margin\"><\/div>\n\t\t\t\t\t\t\t\t\t\t\t\t\t\t\n\t\t\t\t\t\t\t\t\t\t\t\t\t\t\t\n\t\t\t\t\t\t\t\t<div class=\"feature_excerpt text-strong\" >\n\t\t\t\t\t\t\t\t\tProtegge contro gli effetti dei raggi nocivi. La struttura molecolare prismatica riflette le onde UV. I risultati del test mostrano che la canapa riflette il 95% dei raggi UV.\t\t\t\t\t\t\t\t<\/div>\n\t\t\t\t\t\t\t\t\t\t\t\t\t\t<\/div>\n\t\t\t\t\t\t<\/div>\n\t\t\t\t\t<\/div>\n\t\t\t\t\t\t\t\t\t\n\t\t\t\t\t<\/div>\n\t\t\t\t<\/div>\n\t\t\t<\/div>\n\t\t\t\t\t\t[\/vc_column][\/vc_row][vc_row][vc_column][vc_empty_space height=&#8221;40px&#8221;][\/vc_column][\/vc_row][vc_row][vc_column]\n\t\t\t<!-- START calidades it REVOLUTION SLIDER 6.6.18 --><p class=\"rs-p-wp-fix\"><\/p>\n\t\t\t<rs-module-wrap id=\"rev_slider_14_1_wrapper\" data-source=\"gallery\" style=\"visibility:hidden;background:transparent;padding:0;margin:0px auto;margin-top:0;margin-bottom:0;\">\n\t\t\t\t<rs-module id=\"rev_slider_14_1\" style=\"\" data-version=\"6.6.18\">\n\t\t\t\t\t<rs-slides style=\"overflow: hidden; position: absolute;\">\n\t\t\t\t\t\t<rs-slide style=\"position: absolute;\" data-key=\"rs-16\" data-title=\"Slide\" data-anim=\"adpr:false;\">\n\t\t\t\t\t\t\t<img decoding=\"async\" src=\"\/\/cannarelax.com\/wp-content\/plugins\/revslider\/public\/assets\/assets\/dummy.png\" alt=\"\" title=\"RAGGI UV PROTEZIONE\" class=\"rev-slidebg tp-rs-img rs-lazyload\" data-lazyload=\"\/\/cannarelax.com\/wp-content\/uploads\/2016\/07\/propiedades-it-1.jpg\" data-no-retina>\n<!---->\t\t\t\t\t\t<\/rs-slide>\n\t\t\t\t\t<\/rs-slides>\n\t\t\t\t<\/rs-module>\n\t\t\t\t<script>\n\t\t\t\t\tsetREVStartSize({c: 'rev_slider_14_1',rl:[1240,1024,778,480],el:[],gw:[1903],gh:[330],type:'standard',justify:'',layout:'fullwidth',mh:\"0\"});if (window.RS_MODULES!==undefined && window.RS_MODULES.modules!==undefined && window.RS_MODULES.modules[\"revslider141\"]!==undefined) {window.RS_MODULES.modules[\"revslider141\"].once = false;window.revapi14 = undefined;if (window.RS_MODULES.checkMinimal!==undefined) window.RS_MODULES.checkMinimal()}\n\t\t\t\t<\/script>\n\t\t\t<\/rs-module-wrap>\n\t\t\t<!-- END REVOLUTION SLIDER -->\n[\/vc_column][\/vc_row][vc_row][vc_column css=&#8221;.vc_custom_1468348492399{padding-top: 40px !important;}&#8221;][vc_separator border_width=&#8221;3&#8243; css=&#8221;.vc_custom_1468348611918{padding-bottom: 10px !important;}&#8221;][\/vc_column][\/vc_row][vc_row][vc_column css=&#8221;.vc_custom_1468348603574{padding-top: 40px !important;padding-bottom: 50px !important;}&#8221;][vc_raw_html]JTNDaDMlMjBjbGFzcyUzRCUyMmgxJTIyJTIwc3R5bGUlM0QlMjJ0ZXh0LWFsaWduJTNBJTIwY2VudGVyJTNCJTIyJTNFQ0FURUdPUklBJTNDJTJGaDMlM0U=[\/vc_raw_html][\/vc_column][\/vc_row][vc_row][vc_column]<div class=\"product-catagory-slider wd-loading\"><ul class=\"archive-product-subcategories wd-shortcode style-1\" id=\"shortcode_categories_423\">\t\t\t\t\t\t<li class=\"product-category\">\n\t\t\t\t\n\t\t\t\t<a href=\"https:\/\/cannarelax.com\/it\/producto-categoria\/cuscini\/\">\n\t\t\t\t\t<img loading=\"lazy\" decoding=\"async\" src=\"https:\/\/cannarelax.com\/wp-content\/uploads\/2016\/07\/Almohadas.jpg\" alt=\"Cuscini\" width=\"600\" height=\"600\" \/>\t\t\t\t<\/a>\n\t\t\t\t<div class=\"product-category-info dark\"><div class=\"display-table\"><div>\n\t\t\t\t\t\t\t\t\t\t<h3 class=\"h1\">Cuscini<\/h3>\n\t\t\t\t\t<div class=\"line line-30 line-margin\"><\/div>\n\t\t\t\t\t<p> <mark class=\"count\">1 Products<\/mark><\/p>\n\t\t\t\t\t\t\t\t\t<\/div><\/div><\/div>\n\t\t\t\t\n\t\t\t<\/li>\n\t\t\t\t\t\t\t\t\t\t\t\t<li class=\"product-category\">\n\t\t\t\t\n\t\t\t\t<a href=\"https:\/\/cannarelax.com\/it\/producto-categoria\/materassi\/\">\n\t\t\t\t\t<img loading=\"lazy\" decoding=\"async\" src=\"https:\/\/cannarelax.com\/wp-content\/uploads\/2016\/07\/colchones.jpg\" alt=\"Materassi\" width=\"600\" height=\"600\" \/>\t\t\t\t<\/a>\n\t\t\t\t<div class=\"product-category-info dark\"><div class=\"display-table\"><div>\n\t\t\t\t\t\t\t\t\t\t<h3 class=\"h1\">Materassi<\/h3>\n\t\t\t\t\t<div class=\"line line-30 line-margin\"><\/div>\n\t\t\t\t\t<p> <mark class=\"count\">1 Products<\/mark><\/p>\n\t\t\t\t\t\t\t\t\t<\/div><\/div><\/div>\n\t\t\t\t\n\t\t\t<\/li>\n\t\t\t\t\t\t<\/ul><\/div>\t\t\t<script type='text\/javascript'>\n\t\t\t\/\/<![CDATA[\n\t\t\t\tjQuery(document).ready(function() {\n\t\t\t\t\t\"use strict\";\n\t\t\t\t\tvar temp_visible = 2;\n\t\t\t\t\t\n\t\t\t\t\tvar row = 1;\n\t\t\t\t\tvar item_width = 270;\n\t\t\t\t\t\n\t\t\t\t\tvar show_nav = false;\n\t\t\t\t\tvar prev,next,pagination;\n\t\t\t\t\tvar show_icon_nav =true;\n\t\t\t\t\t\n\t\t\t\t\tvar object_selector = \"#shortcode_categories_423\";\n\n                    var autoplay = false;\n\t\t\t\t\tvar responsive = [1,2,Math.round(temp_visible * 768 \/1200),Math.round(temp_visible * 992 \/1200),temp_visible];\n                    generate_horizontal_slide(temp_visible,row,item_width,show_nav,show_icon_nav,autoplay,object_selector, true, responsive);\n\t\t\t\t});\n\t\t\t\/\/]]>\t\n\t\t\t<\/script>\n\t\t\t[\/vc_column][\/vc_row][vc_row full_width=&#8221;stretch_row_content_no_spaces&#8221; use_fullpage=&#8221;false&#8221; screen_title=&#8221;full&#8221;][vc_column css=&#8221;.vc_custom_1468584203500{padding-top: 50px !important;padding-bottom: 50px !important;}&#8221;]\n\t\t\t<!-- START cannarelax slide2 it REVOLUTION SLIDER 6.6.18 --><p class=\"rs-p-wp-fix\"><\/p>\n\t\t\t<rs-module-wrap id=\"rev_slider_11_2_wrapper\" data-source=\"gallery\" style=\"visibility:hidden;background:transparent;padding:0;margin:0px auto;margin-top:0;margin-bottom:0;\">\n\t\t\t\t<rs-module id=\"rev_slider_11_2\" style=\"\" data-version=\"6.6.18\">\n\t\t\t\t\t<rs-slides style=\"overflow: hidden; position: absolute;\">\n\t\t\t\t\t\t<rs-slide style=\"position: absolute;\" data-key=\"rs-12\" data-title=\"Slide\" data-anim=\"adpr:false;\">\n\t\t\t\t\t\t\t<img decoding=\"async\" src=\"\/\/cannarelax.com\/wp-content\/plugins\/revslider\/public\/assets\/assets\/dummy.png\" alt=\"\" title=\"RAGGI UV PROTEZIONE\" class=\"rev-slidebg tp-rs-img rs-lazyload\" data-lazyload=\"\/\/cannarelax.com\/wp-content\/uploads\/2016\/07\/cannarelax-slide2-it.jpg\" data-no-retina>\n<!---->\t\t\t\t\t\t<\/rs-slide>\n\t\t\t\t\t<\/rs-slides>\n\t\t\t\t<\/rs-module>\n\t\t\t\t<script>\n\t\t\t\t\tsetREVStartSize({c: 'rev_slider_11_2',rl:[1240,1024,778,480],el:[],gw:[1903],gh:[500],type:'standard',justify:'',layout:'fullwidth',mh:\"0\"});if (window.RS_MODULES!==undefined && window.RS_MODULES.modules!==undefined && window.RS_MODULES.modules[\"revslider112\"]!==undefined) {window.RS_MODULES.modules[\"revslider112\"].once = false;window.revapi11 = undefined;if (window.RS_MODULES.checkMinimal!==undefined) window.RS_MODULES.checkMinimal()}\n\t\t\t\t<\/script>\n\t\t\t<\/rs-module-wrap>\n\t\t\t<!-- END REVOLUTION SLIDER -->\n[\/vc_column][\/vc_row][vc_row][vc_column css=&#8221;.vc_custom_1468348603574{padding-top: 40px !important;padding-bottom: 50px !important;}&#8221;][vc_raw_html]JTNDaDMlMjBjbGFzcyUzRCUyMmgxJTIyJTIwc3R5bGUlM0QlMjJ0ZXh0LWFsaWduJTNBJTIwY2VudGVyJTNCJTIyJTNFUFJPRFVDVE9TJTNDJTJGaDMlM0U=[\/vc_raw_html][\/vc_column][\/vc_row][vc_row][vc_column]<div class=\"woocommerce columns-4 \"><div class=\"products\">\n<section class=\"first wd-col-lg-4 wd-col-md-3 wd-col-sm-3 wd-col-xs-3 wd-col-mb-2 product post-651 type-product status-publish has-post-thumbnail product_cat-cuscini product_tag-cannarelax-it product_tag-cuscino  instock purchasable product-type-variable\">\n\t\n\t<!--div class=\"product-hover-box\"-->\n\t\n\t<div class=\"product-thumbnail-wrapper wd_sec_border\">\n\t\t<a href=\"https:\/\/cannarelax.com\/it\/tienda\/cuscini\/almohada-viscoelastica\/\" class=\"woocommerce-LoopProduct-link woocommerce-loop-product__link\">\t\n\t\t<a href=\"https:\/\/cannarelax.com\/it\/tienda\/cuscini\/almohada-viscoelastica\/\">\n\n\t\t\t<div class=\"product_label\"><\/div><div class='product-image'><img loading=\"lazy\" decoding=\"async\" width=\"300\" height=\"300\" src=\"https:\/\/cannarelax.com\/wp-content\/uploads\/2016\/07\/almohada-cannarelax-300x300.jpg\" class=\"attachment-woocommerce_thumbnail size-woocommerce_thumbnail\" alt=\"Cuscino viscoelastico di canapa industriale Cannarelax\" \/><span class=\"product-image-hover\"><\/span><\/div>\t\t<\/a>\n\t\t\n\t\t<div class=\"wd_button_list_box style2\"><div class='list_add_to_cart'><a href=\"https:\/\/cannarelax.com\/it\/tienda\/cuscini\/almohada-viscoelastica\/\" aria-describedby=\"woocommerce_loop_add_to_cart_link_describedby_651\" data-quantity=\"1\" class=\"button product_type_variable add_to_cart_button\" data-product_id=\"651\" data-product_sku=\"\" aria-label=\"Seleziona le opzioni per &ldquo;Cuscino viscoelastico&rdquo;\" rel=\"nofollow\">Scegli<\/a>\t<span id=\"woocommerce_loop_add_to_cart_link_describedby_651\" class=\"screen-reader-text\">\n\t\tQuesto prodotto ha pi\u00f9 varianti. Le opzioni possono essere scelte nella pagina del prodotto\t<\/span>\n<\/div>\t<div class=\"wd_woocommerce_prod_btns_group\">\n\t\n\t\t<a class=\"wd_quickshop_handler\" title=\"Quick View\" href=\"https:\/\/cannarelax.com\/wp-admin\/admin-ajax.php?ajax=true&#038;action=load_product_content&#038;product_id=651\">\n\t\t\t<span class=\"qs_inner1\">\n\t\t\t\t<span class=\"qs_inner2\"> \n\t\t\t\t\tQUICK SHOP\t\t\t\t<\/span>\n\t\t\t<\/span>\n\t\t<\/a>\t\t\n\t\t\n\t\t\n\t<\/div><!--end .wd_woocommerce_prod_btns_group-->\n\t<\/div>\t\t\n\t<\/div>\n\t<div class=\"product-meta-wrapper\">\n\t\t\n\t\n\t\t\t\t<div class=\"product-meta-content\"><h3 class=\"heading-title product-title\"><a href='https:\/\/cannarelax.com\/it\/tienda\/cuscini\/almohada-viscoelastica\/'>Cuscino viscoelastico<\/a><\/h3><\/a><span class=\"product_sku\"><\/span>\n\t<span class=\"price\"><span class=\"woocommerce-Price-amount amount\"><bdi>100,00<span class=\"woocommerce-Price-currencySymbol\">&euro;<\/span><\/bdi><\/span> - <span class=\"woocommerce-Price-amount amount\"><bdi>120,00<span class=\"woocommerce-Price-currencySymbol\">&euro;<\/span><\/bdi><\/span><\/br><\/span>\n<div class=\"product_short_content\">Cuscino viscoelastico di canapa industriale<\/div>\n<\/div><div class='list_add_to_cart'><a href=\"https:\/\/cannarelax.com\/it\/tienda\/cuscini\/almohada-viscoelastica\/\" aria-describedby=\"woocommerce_loop_add_to_cart_link_describedby_651\" data-quantity=\"1\" class=\"button product_type_variable add_to_cart_button\" data-product_id=\"651\" data-product_sku=\"\" aria-label=\"Seleziona le opzioni per &ldquo;Cuscino viscoelastico&rdquo;\" rel=\"nofollow\">Scegli<\/a>\t<span id=\"woocommerce_loop_add_to_cart_link_describedby_651\" class=\"screen-reader-text\">\n\t\tQuesto prodotto ha pi\u00f9 varianti. Le opzioni possono essere scelte nella pagina del prodotto\t<\/span>\n<\/div>\n\t\t<a class=\"wd_quickshop_handler\" title=\"Quick View\" href=\"https:\/\/cannarelax.com\/wp-admin\/admin-ajax.php?ajax=true&#038;action=load_product_content&#038;product_id=651\">\n\t\t\t<span class=\"qs_inner1\">\n\t\t\t\t<span class=\"qs_inner2\"> \n\t\t\t\t\tQUICK SHOP\t\t\t\t<\/span>\n\t\t\t<\/span>\n\t\t<\/a>\t\t\n\t\t\n\t\t\n<input type='hidden' value='651' class='hidden_product_id product_hidden_651'>\t<\/div>\n\t\n\t\n\t\n<\/section>\n\n<section class=\"wd-col-lg-4 wd-col-md-3 wd-col-sm-3 wd-col-xs-3 wd-col-mb-2 product post-1176 type-product status-publish has-post-thumbnail product_cat-materassi last instock taxable shipping-taxable purchasable product-type-variable has-default-attributes\">\n\t\n\t<!--div class=\"product-hover-box\"-->\n\t\n\t<div class=\"product-thumbnail-wrapper wd_sec_border\">\n\t\t<a href=\"https:\/\/cannarelax.com\/it\/tienda\/materassi\/materasso\/\" class=\"woocommerce-LoopProduct-link woocommerce-loop-product__link\">\t\n\t\t<a href=\"https:\/\/cannarelax.com\/it\/tienda\/materassi\/materasso\/\">\n\n\t\t\t<div class=\"product_label\"><\/div><div class='product-image'><img loading=\"lazy\" decoding=\"async\" width=\"300\" height=\"236\" src=\"https:\/\/cannarelax.com\/wp-content\/uploads\/2016\/07\/colchon-300x236.jpg\" class=\"attachment-woocommerce_thumbnail size-woocommerce_thumbnail\" alt=\"\" \/><span class=\"product-image-hover\"><\/span><\/div>\t\t<\/a>\n\t\t\n\t\t<div class=\"wd_button_list_box style2\"><div class='list_add_to_cart'><a href=\"https:\/\/cannarelax.com\/it\/tienda\/materassi\/materasso\/\" aria-describedby=\"woocommerce_loop_add_to_cart_link_describedby_1176\" data-quantity=\"1\" class=\"button product_type_variable add_to_cart_button\" data-product_id=\"1176\" data-product_sku=\"Colch\u00f3n viscoel\u00e1stico 24 cm\" aria-label=\"Seleziona le opzioni per &ldquo;Materasso viscoelastico 24 cm&rdquo;\" rel=\"nofollow\">Scegli<\/a>\t<span id=\"woocommerce_loop_add_to_cart_link_describedby_1176\" class=\"screen-reader-text\">\n\t\tQuesto prodotto ha pi\u00f9 varianti. Le opzioni possono essere scelte nella pagina del prodotto\t<\/span>\n<\/div>\t<div class=\"wd_woocommerce_prod_btns_group\">\n\t\n\t\t<a class=\"wd_quickshop_handler\" title=\"Quick View\" href=\"https:\/\/cannarelax.com\/wp-admin\/admin-ajax.php?ajax=true&#038;action=load_product_content&#038;product_id=1176\">\n\t\t\t<span class=\"qs_inner1\">\n\t\t\t\t<span class=\"qs_inner2\"> \n\t\t\t\t\tQUICK SHOP\t\t\t\t<\/span>\n\t\t\t<\/span>\n\t\t<\/a>\t\t\n\t\t\n\t\t\n\t<\/div><!--end .wd_woocommerce_prod_btns_group-->\n\t<\/div>\t\t\n\t<\/div>\n\t<div class=\"product-meta-wrapper\">\n\t\t\n\t\n\t\t\t\t<div class=\"product-meta-content\"><h3 class=\"heading-title product-title\"><a href='https:\/\/cannarelax.com\/it\/tienda\/materassi\/materasso\/'>Materasso viscoelastico 24 cm<\/a><\/h3><\/a><span class=\"product_sku\">Colch\u00f3n viscoel\u00e1stico 24 cm<\/span>\n\t<span class=\"price\"><span class=\"woocommerce-Price-amount amount\"><bdi>720,00<span class=\"woocommerce-Price-currencySymbol\">&euro;<\/span><\/bdi><\/span> - <span class=\"woocommerce-Price-amount amount\"><bdi>1.650,00<span class=\"woocommerce-Price-currencySymbol\">&euro;<\/span><\/bdi><\/span><\/br> <small class=\"woocommerce-price-suffix\">(iva incluido)<\/small><\/span>\n<div class=\"product_short_content\">Materasso viscoelastico di canapa industriale<\/div>\n<\/div><div class='list_add_to_cart'><a href=\"https:\/\/cannarelax.com\/it\/tienda\/materassi\/materasso\/\" aria-describedby=\"woocommerce_loop_add_to_cart_link_describedby_1176\" data-quantity=\"1\" class=\"button product_type_variable add_to_cart_button\" data-product_id=\"1176\" data-product_sku=\"Colch\u00f3n viscoel\u00e1stico 24 cm\" aria-label=\"Seleziona le opzioni per &ldquo;Materasso viscoelastico 24 cm&rdquo;\" rel=\"nofollow\">Scegli<\/a>\t<span id=\"woocommerce_loop_add_to_cart_link_describedby_1176\" class=\"screen-reader-text\">\n\t\tQuesto prodotto ha pi\u00f9 varianti. Le opzioni possono essere scelte nella pagina del prodotto\t<\/span>\n<\/div>\n\t\t<a class=\"wd_quickshop_handler\" title=\"Quick View\" href=\"https:\/\/cannarelax.com\/wp-admin\/admin-ajax.php?ajax=true&#038;action=load_product_content&#038;product_id=1176\">\n\t\t\t<span class=\"qs_inner1\">\n\t\t\t\t<span class=\"qs_inner2\"> \n\t\t\t\t\tQUICK SHOP\t\t\t\t<\/span>\n\t\t\t<\/span>\n\t\t<\/a>\t\t\n\t\t\n\t\t\n<input type='hidden' value='1176' class='hidden_product_id product_hidden_1176'>\t<\/div>\n\t\n\t\n\t\n<\/section>\n<\/div><\/div>[\/vc_column][\/vc_row][vc_row][vc_column css=&#8221;.vc_custom_1468348492399{padding-top: 40px !important;}&#8221;][vc_separator border_width=&#8221;3&#8243; css=&#8221;.vc_custom_1468348611918{padding-bottom: 10px !important;}&#8221;][\/vc_column][\/vc_row][vc_row][vc_column css=&#8221;.vc_custom_1468348603574{padding-top: 40px !important;padding-bottom: 50px !important;}&#8221;][vc_raw_html]JTNDaDMlMjBjbGFzcyUzRCUyMmgxJTIyJTIwc3R5bGUlM0QlMjJ0ZXh0LWFsaWduJTNBJTIwY2VudGVyJTNCJTIyJTNFQ1VSSU9TSVQlQzMlODAlM0MlMkZoMyUzRQ==[\/vc_raw_html][\/vc_column][\/vc_row][vc_row][vc_column][vc_basic_grid post_type=&#8221;post&#8221; max_items=&#8221;10&#8243; grid_id=&#8221;vc_gid:1469530777662-88f2bf72-8caa-9&#8243;][\/vc_column][\/vc_row]<\/p>\n<\/div>","protected":false},"excerpt":{"rendered":"<p>[vc_row][vc_column][vc_separator border_width=&#8221;3&#8243; css=&#8221;.vc_custom_1468348663909{padding-top: 50px !important;}&#8221;][\/vc_column][\/vc_row][vc_row][vc_column css=&#8221;.vc_custom_1468320874339{padding-top: 40px !important;padding-bottom: 20px !important;}&#8221;][vc_raw_html]JTNDaDMlMjBjbGFzcyUzRCUyMmgxJTIyJTIwc3R5bGUlM0QlMjJ0ZXh0LWFsaWduJTNBJTIwY2VudGVyJTNCJTIyJTNFUFJPUElFREFERVMlMjBESSUyMEZJQlJBJTIwREklMjBDQU5BUEElM0MlMkZoMyUzRQ==[\/vc_raw_html][\/vc_column][\/vc_row][vc_row][vc_column width=&#8221;1\/3&#8243; css=&#8221;.vc_custom_1468324565483{padding-right: 10px !important;padding-left: 10px !important;}&#8221;][\/vc_column][vc_column width=&#8221;1\/3&#8243; css=&#8221;.vc_custom_1468580546177{padding-right: 10px !important;padding-left: 10px !important;}&#8221;][\/vc_column][vc_column width=&#8221;1\/3&#8243; css=&#8221;.vc_custom_1468319284473{padding-right: 10px !important;padding-left: 10px !important;}&#8221;][\/vc_column][\/vc_row][vc_row][vc_column width=&#8221;1\/2&#8243; css=&#8221;.vc_custom_1468347268547{padding-top: 40px !important;padding-right: 20px !important;padding-left: 10px !important;}&#8221;][\/vc_column][vc_column width=&#8221;1\/2&#8243; css=&#8221;.vc_custom_1468347278596{padding-top: 40px !important;padding-right: &hellip; <a href=\"https:\/\/cannarelax.com\/it\/feature\/proteccion-rayos-uv\/\">Continue reading <span class=\"meta-nav\">&rarr;<\/span><\/a><\/p>\n","protected":false},"author":6,"featured_media":0,"parent":0,"menu_order":0,"comment_status":"closed","ping_status":"closed","template":"","meta":{"footnotes":""},"_links":{"self":[{"href":"https:\/\/cannarelax.com\/it\/wp-json\/wp\/v2\/pages\/674"}],"collection":[{"href":"https:\/\/cannarelax.com\/it\/wp-json\/wp\/v2\/pages"}],"about":[{"href":"https:\/\/cannarelax.com\/it\/wp-json\/wp\/v2\/types\/page"}],"author":[{"embeddable":true,"href":"https:\/\/cannarelax.com\/it\/wp-json\/wp\/v2\/users\/6"}],"replies":[{"embeddable":true,"href":"https:\/\/cannarelax.com\/it\/wp-json\/wp\/v2\/comments?post=674"}],"version-history":[{"count":4,"href":"https:\/\/cannarelax.com\/it\/wp-json\/wp\/v2\/pages\/674\/revisions"}],"predecessor-version":[{"id":792,"href":"https:\/\/cannarelax.com\/it\/wp-json\/wp\/v2\/pages\/674\/revisions\/792"}],"wp:attachment":[{"href":"https:\/\/cannarelax.com\/it\/wp-json\/wp\/v2\/media?parent=674"}],"curies":[{"name":"wp","href":"https:\/\/api.w.org\/{rel}","templated":true}]}}