
{"id":583,"date":"2016-07-14T09:51:27","date_gmt":"2016-07-14T09:51:27","guid":{"rendered":"http:\/\/cannarelax.com\/it\/informazioni\/confidencialidad\/"},"modified":"2016-07-21T10:19:51","modified_gmt":"2016-07-21T10:19:51","slug":"notizie-private","status":"publish","type":"page","link":"https:\/\/cannarelax.com\/it\/informazioni\/notizie-private\/","title":{"rendered":"Notizie Private"},"content":{"rendered":"<p>I vostri dati personali ed e-mail o indirizzo postale saranno utilizzati solo da Cannarelax per identificare l\u2019utente come un cliente. Cos\u00ec potete fare i vostri acquisti futuri in modo pi\u00f9 rapido e ricevere informazioni sulle novit\u00e0 personificata riposo fiera Cannarelax ed eventi.<\/p>\n<p>Cannarelax non trasmettono i loro dati a terzi e non utilizzare queste informazioni per scopi commerciali o professionali.<\/p>\n<p>In conformit\u00e0 con la Legge Organica di Protezione dei Dati Personali num15\/1.1999 del 13 dicembre 1999, il cliente pu\u00f2 in qualsiasi momento esercitare i loro diritti di accesso, rettifica e cancellazione dei scrittura dei dati.<\/p>\n","protected":false},"excerpt":{"rendered":"<p>I vostri dati personali ed e-mail o indirizzo postale saranno utilizzati solo da Cannarelax per identificare l\u2019utente come un cliente. Cos\u00ec potete fare i vostri acquisti futuri in modo pi\u00f9 rapido e ricevere informazioni sulle novit\u00e0 personificata riposo fiera Cannarelax &hellip; <a href=\"https:\/\/cannarelax.com\/it\/informazioni\/notizie-private\/\">Continue reading <span class=\"meta-nav\">&rarr;<\/span><\/a><\/p>\n","protected":false},"author":6,"featured_media":0,"parent":577,"menu_order":0,"comment_status":"closed","ping_status":"closed","template":"","meta":{"footnotes":""},"_links":{"self":[{"href":"https:\/\/cannarelax.com\/it\/wp-json\/wp\/v2\/pages\/583"}],"collection":[{"href":"https:\/\/cannarelax.com\/it\/wp-json\/wp\/v2\/pages"}],"about":[{"href":"https:\/\/cannarelax.com\/it\/wp-json\/wp\/v2\/types\/page"}],"author":[{"embeddable":true,"href":"https:\/\/cannarelax.com\/it\/wp-json\/wp\/v2\/users\/6"}],"replies":[{"embeddable":true,"href":"https:\/\/cannarelax.com\/it\/wp-json\/wp\/v2\/comments?post=583"}],"version-history":[{"count":2,"href":"https:\/\/cannarelax.com\/it\/wp-json\/wp\/v2\/pages\/583\/revisions"}],"predecessor-version":[{"id":589,"href":"https:\/\/cannarelax.com\/it\/wp-json\/wp\/v2\/pages\/583\/revisions\/589"}],"up":[{"embeddable":true,"href":"https:\/\/cannarelax.com\/it\/wp-json\/wp\/v2\/pages\/577"}],"wp:attachment":[{"href":"https:\/\/cannarelax.com\/it\/wp-json\/wp\/v2\/media?parent=583"}],"curies":[{"name":"wp","href":"https:\/\/api.w.org\/{rel}","templated":true}]}}