
{"id":599,"date":"2016-07-14T09:56:45","date_gmt":"2016-07-14T09:56:45","guid":{"rendered":"http:\/\/cannarelax.com\/fr\/information\/formas-de-pago\/"},"modified":"2022-02-23T10:38:20","modified_gmt":"2022-02-23T10:38:20","slug":"options-de-paiment","status":"publish","type":"page","link":"https:\/\/cannarelax.com\/fr\/information\/options-de-paiment\/","title":{"rendered":"Options de Paiement"},"content":{"rendered":"<ul>\n<li>\n<h3><strong>Virement bancaire:<\/strong><\/h3>\n<p>IBAN: ES15 0182 9734 0202 0179 8176<br \/>\nBIC : BBVAESMMXXX<\/li>\n<li>\n<h3><strong>Carte de cr\u00e9dit (TPV Virtual):<\/strong><\/h3>\n<p><img decoding=\"async\" src=\"http:\/\/www.genehtik.com\/wp-content\/uploads\/2015\/06\/tarjetas.jpg\" alt=\"Tarjetas de cr\u00e9dito aceptadas en la tienda online Cannarelax\" \/><\/p>\n<p>Todas las transacciones que se realicen a trav\u00e9s del TPV Virtual contar\u00e1n con todas las garant\u00edas de seguridad, confidencialidad e integridad para los agentes participantes: titulares de tarjetas y sus entidades emisoras, y comercios y sus entidades adquirentes.<\/p>\n<p>La informaci\u00f3n confidencial de las tarjetas no es conocida por Cannarelax, con esto se evita que esta informaci\u00f3n pueda ser robada al comercio posteriormente por terceros con fines fraudulentos. La mejor manera de salvaguardar en el comercio una informaci\u00f3n sensible de clientes es NO tenerla.<\/p>\n<p>Este comerciante se compromete a no permitir ninguna transacci\u00f3n que sea ilegal, o se considere por las marcas de tarjetas de cr\u00e9dito o el banco adquiriente, que pueda o tenga el potencial de da\u00f1ar la buena voluntad de los mismos o influir de manera negativa en ellos. Las siguientes actividades est\u00e1n prohibidas en virtud de los programas de las marcas de tarjetas: la venta u oferta de un producto o servicio que no sea de plena conformidad con todas las leyes aplicables al Comprador, Banco Emisor, Comerciante, Titular de la tarjeta, o tarjetas.<\/li>\n<li>\n<h3><strong>Contre remboursement. (valide pour l&rsquo;Espagne)<\/strong><\/h3>\n<p>Cette option de paiement comporte des frais suppl\u00e9mentaires de 6%.<\/li>\n<\/ul>\n","protected":false},"excerpt":{"rendered":"<p>Virement bancaire: IBAN: ES15 0182 9734 0202 0179 8176 BIC : BBVAESMMXXX Carte de cr\u00e9dit (TPV Virtual): Todas las transacciones que se realicen a trav\u00e9s del TPV Virtual contar\u00e1n con todas las garant\u00edas de seguridad, confidencialidad e integridad para los &hellip; <a href=\"https:\/\/cannarelax.com\/fr\/information\/options-de-paiment\/\">Continue reading <span class=\"meta-nav\">&rarr;<\/span><\/a><\/p>\n","protected":false},"author":6,"featured_media":0,"parent":575,"menu_order":0,"comment_status":"closed","ping_status":"closed","template":"","meta":{"footnotes":""},"_links":{"self":[{"href":"https:\/\/cannarelax.com\/fr\/wp-json\/wp\/v2\/pages\/599"}],"collection":[{"href":"https:\/\/cannarelax.com\/fr\/wp-json\/wp\/v2\/pages"}],"about":[{"href":"https:\/\/cannarelax.com\/fr\/wp-json\/wp\/v2\/types\/page"}],"author":[{"embeddable":true,"href":"https:\/\/cannarelax.com\/fr\/wp-json\/wp\/v2\/users\/6"}],"replies":[{"embeddable":true,"href":"https:\/\/cannarelax.com\/fr\/wp-json\/wp\/v2\/comments?post=599"}],"version-history":[{"count":7,"href":"https:\/\/cannarelax.com\/fr\/wp-json\/wp\/v2\/pages\/599\/revisions"}],"predecessor-version":[{"id":1505,"href":"https:\/\/cannarelax.com\/fr\/wp-json\/wp\/v2\/pages\/599\/revisions\/1505"}],"up":[{"embeddable":true,"href":"https:\/\/cannarelax.com\/fr\/wp-json\/wp\/v2\/pages\/575"}],"wp:attachment":[{"href":"https:\/\/cannarelax.com\/fr\/wp-json\/wp\/v2\/media?parent=599"}],"curies":[{"name":"wp","href":"https:\/\/api.w.org\/{rel}","templated":true}]}}