
{"id":593,"date":"2016-07-14T09:55:05","date_gmt":"2016-07-14T09:55:05","guid":{"rendered":"http:\/\/cannarelax.com\/fr\/information\/envios-devoluciones\/"},"modified":"2016-07-29T09:13:20","modified_gmt":"2016-07-29T09:13:20","slug":"livraison-retour","status":"publish","type":"page","link":"https:\/\/cannarelax.com\/fr\/information\/livraison-retour\/","title":{"rendered":"Livraison &#038; Retour"},"content":{"rendered":"<div class=\"wpb-content-wrapper\"><p>[vc_row][vc_column][vc_column_text]L&rsquo;agence de transit sera de choisir librement par Cannarelax.<\/p>\n<p>Pour des mesures sp\u00e9ciales le d\u00e9lai de livraison sera consult\u00e9 pour chaque commande , avertir le client du retard estim\u00e9.<\/p>\n<p>Pour les produits non disponibles en stock, nous avertissons le client le retard estim\u00e9.<\/p>\n<p>Envoi de mat\u00e9riel est r\u00e9alis\u00e9e selon la m\u00e9thode de paiement:<\/p>\n<p><em>ESPAGNE:<\/em><\/p>\n<p>Contre remboursement &#8211; au plus tard 24\/48 heures<\/p>\n<p>D&rsquo;autres m\u00e9thodes de paiement &#8211; l&rsquo;exp\u00e9dition du mat\u00e9riel sera faite une fois le paiement, au plus tard 24\/48 heures.<\/p>\n<p><em>AUTRES PAYS:<\/em><\/p>\n<p>Toute forme de paiement &#8211; L&rsquo;exp\u00e9dition du mat\u00e9riel sera faite une fois le paiement, au plus tard 7 jours.<br \/>\n[\/vc_column_text][\/vc_column][\/vc_row][vc_row][vc_column][vc_separator border_width=\u00a0\u00bb2&Prime; css=\u00a0\u00bb.vc_custom_1469783050511{padding-top: 40px !important;padding-bottom: 40px !important;}\u00a0\u00bb][\/vc_column][\/vc_row][vc_row][vc_column][vc_raw_html]JTNDaDElM0UlM0NzdHJvbmclM0VGUkFJUyUyMEQlMjdFTlZPSSUzQSUzQyUyRnN0cm9uZyUzRSUzQyUyRmgxJTNFJTBBJTNDZGl2JTIwY2xhc3MlM0QlMjJuYXJhbmphJTIyJTNFRVhQRURJVElPTiUyMEdSQVRVSVRFJTIwUE9VUiUyMFRPVVRFJTIwQ09NTUFOREUlMjBTVVAlQzMlODlSSUVVUkUlMjAlQzMlODAlMjA2MCVFMiU4MiVBQy4lM0MlMkZkaXYlM0UlMEElM0MlMkZiciUzRSUwQSUzQ2klM0UlM0NiJTNFUG91ciUyMGxlcyUyMGNvbW1hbmRlcyUyMGluZiVDMyVBOXJpZXVyZXMlMjAlQzMlQTAlMjA2MCVFMiU4MiVBQyUyMGZyYWlzJTIwZGUlMjBwb3J0JTIwZXN0JTIwZGUlMjAxOCVFMiU4MiVBQy4lM0MlMkZpJTNFJTNDJTJGYiUzRQ==[\/vc_raw_html][\/vc_column][\/vc_row][vc_row][vc_column][vc_separator border_width=\u00a0\u00bb2&Prime; css=\u00a0\u00bb.vc_custom_1469783050511{padding-top: 40px !important;padding-bottom: 40px !important;}\u00a0\u00bb][\/vc_column][\/vc_row][vc_row][vc_column][vc_column_text]<\/p>\n<h1><strong>NOUVELLES PLAINTES RE\u00c7U DU MAT\u00c9RIEL:<\/strong><\/h1>\n<p>Si vous recevez le paquet avec des signes d`avoir \u00e9t\u00e9 manipul\u00e9 ou battu l`indiquer sur le bordereau du transporteur, ne signez le bon de livraison sans incident et ont indiqu\u00e9 la pr\u00e9sence de cette toujours.<\/p>\n<p>Si, apr\u00e8s les notes transfert qu`elle correspond \u00e0 la commande pass\u00e9e et a observ\u00e9 des diff\u00e9rences entre les bons de livraison ou les factures d\u00e9taillant nous informer imm\u00e9diatement et dire les diff\u00e9rences indiqu\u00e9 un num\u00e9ro de t\u00e9l\u00e9phone pour la gestion afin d`\u00eatre plus agile.<\/p>\n<p>Nous n`acceptons pas les r\u00e9clamations concernant les transferts au-del\u00e0 de 24 heures de votre r\u00e9ception.[\/vc_column_text][\/vc_column][\/vc_row][vc_row][vc_column][vc_separator border_width=\u00a0\u00bb2&Prime; css=\u00a0\u00bb.vc_custom_1469783050511{padding-top: 40px !important;padding-bottom: 40px !important;}\u00a0\u00bb][\/vc_column][\/vc_row][vc_row][vc_column][vc_column_text]<\/p>\n<h1><strong>RETOURS<\/strong><\/h1>\n<p>En conformit\u00e9 avec les dispositions de la loi 26\/1991 du 21 Novembre sur les contrats conclus en dehors des \u00e9tablissements commerciaux, nous reconnaissons le droit de r\u00e9clamer le contrat sans aucune raison, dans un d\u00e9lai maximum de 7 jours \u00e0 compter apr\u00e8s la r\u00e9ception de la commande.<\/p>\n<p>Mais souvenez-vous de payer le port de retour et les frais administratifs ou autres qui sont g\u00e9n\u00e9r\u00e9es \u00e0 la suite de son retour.[\/vc_column_text][\/vc_column][\/vc_row]<\/p>\n<\/div>","protected":false},"excerpt":{"rendered":"<p>[vc_row][vc_column][vc_column_text]L&rsquo;agence de transit sera de choisir librement par Cannarelax. Pour des mesures sp\u00e9ciales le d\u00e9lai de livraison sera consult\u00e9 pour chaque commande , avertir le client du retard estim\u00e9. Pour les produits non disponibles en stock, nous avertissons le client &hellip; <a href=\"https:\/\/cannarelax.com\/fr\/information\/livraison-retour\/\">Continue reading <span class=\"meta-nav\">&rarr;<\/span><\/a><\/p>\n","protected":false},"author":6,"featured_media":0,"parent":575,"menu_order":0,"comment_status":"closed","ping_status":"closed","template":"","meta":{"footnotes":""},"_links":{"self":[{"href":"https:\/\/cannarelax.com\/fr\/wp-json\/wp\/v2\/pages\/593"}],"collection":[{"href":"https:\/\/cannarelax.com\/fr\/wp-json\/wp\/v2\/pages"}],"about":[{"href":"https:\/\/cannarelax.com\/fr\/wp-json\/wp\/v2\/types\/page"}],"author":[{"embeddable":true,"href":"https:\/\/cannarelax.com\/fr\/wp-json\/wp\/v2\/users\/6"}],"replies":[{"embeddable":true,"href":"https:\/\/cannarelax.com\/fr\/wp-json\/wp\/v2\/comments?post=593"}],"version-history":[{"count":11,"href":"https:\/\/cannarelax.com\/fr\/wp-json\/wp\/v2\/pages\/593\/revisions"}],"predecessor-version":[{"id":965,"href":"https:\/\/cannarelax.com\/fr\/wp-json\/wp\/v2\/pages\/593\/revisions\/965"}],"up":[{"embeddable":true,"href":"https:\/\/cannarelax.com\/fr\/wp-json\/wp\/v2\/pages\/575"}],"wp:attachment":[{"href":"https:\/\/cannarelax.com\/fr\/wp-json\/wp\/v2\/media?parent=593"}],"curies":[{"name":"wp","href":"https:\/\/api.w.org\/{rel}","templated":true}]}}