
{"id":582,"date":"2016-07-14T09:51:27","date_gmt":"2016-07-14T09:51:27","guid":{"rendered":"http:\/\/cannarelax.com\/fr\/information\/confidencialidad\/"},"modified":"2016-07-21T10:20:22","modified_gmt":"2016-07-21T10:20:22","slug":"confidentialite","status":"publish","type":"page","link":"https:\/\/cannarelax.com\/fr\/information\/confidentialite\/","title":{"rendered":"Confidentialit\u00e9"},"content":{"rendered":"<p>Vos renseignements personnels et e-mail ou l\u2019adresse postale ne seront utilis\u00e9es que par Cannarelax pour vous identifier comme un client. Donc vous pouvez faire vos futurs achats plus rapidement et de recevoir des informations sur les faits \u00e9nonc\u00e9s dans le repos et les \u00e9v\u00e9nements \u00e9quitable des Cannarelax.<\/p>\n<p>Cannarelax transmettent pas leurs donn\u00e9es \u00e0 des tiers et jamais utilis\u00e9 ces informations \u00e0 des fins commerciales ou professionnelles.<\/p>\n<p>En conformit\u00e9 avec la loi organique de protection des donn\u00e9es personnelles num15\/1.1999 D\u00e9cembre 13, 1999, le client mai \u00e0 tout moment exercer ses droits d\u2019acc\u00e8s, de rectification et de suppression des donn\u00e9es par \u00e9crit.<\/p>\n","protected":false},"excerpt":{"rendered":"<p>Vos renseignements personnels et e-mail ou l\u2019adresse postale ne seront utilis\u00e9es que par Cannarelax pour vous identifier comme un client. Donc vous pouvez faire vos futurs achats plus rapidement et de recevoir des informations sur les faits \u00e9nonc\u00e9s dans le &hellip; <a href=\"https:\/\/cannarelax.com\/fr\/information\/confidentialite\/\">Continue reading <span class=\"meta-nav\">&rarr;<\/span><\/a><\/p>\n","protected":false},"author":6,"featured_media":0,"parent":575,"menu_order":0,"comment_status":"closed","ping_status":"closed","template":"","meta":{"footnotes":""},"_links":{"self":[{"href":"https:\/\/cannarelax.com\/fr\/wp-json\/wp\/v2\/pages\/582"}],"collection":[{"href":"https:\/\/cannarelax.com\/fr\/wp-json\/wp\/v2\/pages"}],"about":[{"href":"https:\/\/cannarelax.com\/fr\/wp-json\/wp\/v2\/types\/page"}],"author":[{"embeddable":true,"href":"https:\/\/cannarelax.com\/fr\/wp-json\/wp\/v2\/users\/6"}],"replies":[{"embeddable":true,"href":"https:\/\/cannarelax.com\/fr\/wp-json\/wp\/v2\/comments?post=582"}],"version-history":[{"count":3,"href":"https:\/\/cannarelax.com\/fr\/wp-json\/wp\/v2\/pages\/582\/revisions"}],"predecessor-version":[{"id":590,"href":"https:\/\/cannarelax.com\/fr\/wp-json\/wp\/v2\/pages\/582\/revisions\/590"}],"up":[{"embeddable":true,"href":"https:\/\/cannarelax.com\/fr\/wp-json\/wp\/v2\/pages\/575"}],"wp:attachment":[{"href":"https:\/\/cannarelax.com\/fr\/wp-json\/wp\/v2\/media?parent=582"}],"curies":[{"name":"wp","href":"https:\/\/api.w.org\/{rel}","templated":true}]}}